{"id":485,"date":"2025-10-18T14:42:44","date_gmt":"2025-10-18T14:42:44","guid":{"rendered":"https:\/\/ipbsa.com.ar\/site\/?page_id=485"},"modified":"2025-12-01T19:37:03","modified_gmt":"2025-12-01T19:37:03","slug":"calidad","status":"publish","type":"page","link":"https:\/\/ipbsa.com.ar\/site\/calidad\/","title":{"rendered":"Calidad"},"content":{"rendered":"<div class=\"et_pb_section_0 et_pb_section et_section_regular et_flex_section section_has_divider et_pb_bottom_divider\">\n<div class=\"et_pb_row_0 et_pb_row et_flex_row\">\n<div class=\"et_pb_column_0 et_pb_column et-last-child et_flex_column et_pb_css_mix_blend_mode_passthrough et_flex_column_24_24\">\n<div class=\"et_pb_heading_0 et_pb_heading et_pb_module et_block_module\"><div class=\"et_pb_heading_container\"><h1 class=\"et_pb_module_header\">Calidad<\/h1><\/div><\/div>\n<\/div>\n<\/div>\n<div class=\"et_pb_bottom_inside_divider et-no-transition\"><\/div><\/div>\n\n<div class=\"et_pb_section_1 et_pb_section et_section_regular et_block_section\">\n<div class=\"et_pb_row_1 et_pb_row et_flex_row\">\n<div class=\"et_pb_column_1 et_pb_column et-last-child et_flex_column et_pb_css_mix_blend_mode_passthrough et_flex_column_24_24 et_flex_column_24_24_tablet et_flex_column_24_24_phone et_flex_column_24_24_tabletWide\">\n<div class=\"et_pb_heading_1 et_pb_heading et_pb_module et_block_module\"><div class=\"et_pb_heading_container\"><h1 class=\"et_pb_module_header\">Certificados<\/h1><\/div><\/div>\n<\/div>\n<\/div>\n\n<div class=\"et_pb_row_2 et_pb_row et_pb_gutters1 et_block_row\">\n<div class=\"et_pb_column_2 et_pb_column et_pb_column_1_2 et_flex_column et_pb_css_mix_blend_mode_passthrough\">\n<div class=\"et_pb_image_0 et_pb_image et_pb_has_overlay et_pb_module et_block_module\"><a href=\"https:\/\/ipbsa.com.ar\/site\/wp-content\/uploads\/Certificacion-iso-9001-2024.jpg\" class=\"et_pb_lightbox_image\"><span class=\"et_pb_image_wrap\"><img loading=\"lazy\" decoding=\"async\" src=\"https:\/\/ipbsa.com.ar\/site\/wp-content\/uploads\/Certificacion-iso-9001-2024.jpg\" width=\"840\" height=\"1200\" srcset=\"https:\/\/ipbsa.com.ar\/site\/wp-content\/uploads\/Certificacion-iso-9001-2024.jpg 840w, https:\/\/ipbsa.com.ar\/site\/wp-content\/uploads\/Certificacion-iso-9001-2024-480x686.jpg 480w\" sizes=\"(min-width: 0px) and (max-width: 480px) 480px, (min-width: 481px) 840px, 100vw\" class=\"wp-image-707\" \/><span class=\"et_overlay et_pb_inline_icon\" data-icon=\"T\"><\/span><\/span><\/a><\/div>\n\n<div class=\"et_pb_image_1 et_pb_image et_pb_has_overlay et_pb_module et_block_module\"><a href=\"https:\/\/ipbsa.com.ar\/site\/wp-content\/uploads\/certificacion-iso-14001-2024.jpg\" class=\"et_pb_lightbox_image\"><span class=\"et_pb_image_wrap\"><img loading=\"lazy\" decoding=\"async\" src=\"https:\/\/ipbsa.com.ar\/site\/wp-content\/uploads\/certificacion-iso-14001-2024.jpg\" width=\"840\" height=\"1200\" srcset=\"https:\/\/ipbsa.com.ar\/site\/wp-content\/uploads\/certificacion-iso-14001-2024.jpg 840w, https:\/\/ipbsa.com.ar\/site\/wp-content\/uploads\/certificacion-iso-14001-2024-480x686.jpg 480w\" sizes=\"(min-width: 0px) and (max-width: 480px) 480px, (min-width: 481px) 840px, 100vw\" class=\"wp-image-708\" \/><span class=\"et_overlay et_pb_inline_icon\" data-icon=\"T\"><\/span><\/span><\/a><\/div>\n<\/div>\n\n<div class=\"et_pb_column_3 et_pb_column et_pb_column_1_2 et-last-child et_flex_column et_pb_css_mix_blend_mode_passthrough\">\n<div class=\"et_pb_image_2 et_pb_image et_animated et_pb_module et_block_module\"><span class=\"et_pb_image_wrap\"><img loading=\"lazy\" decoding=\"async\" src=\"https:\/\/ipbsa.com.ar\/site\/wp-content\/uploads\/certificados-1.png\" width=\"970\" height=\"669\" srcset=\"https:\/\/ipbsa.com.ar\/site\/wp-content\/uploads\/certificados-1.png 970w, https:\/\/ipbsa.com.ar\/site\/wp-content\/uploads\/certificados-1-480x331.png 480w\" sizes=\"(min-width: 0px) and (max-width: 480px) 480px, (min-width: 481px) 970px, 100vw\" class=\"wp-image-498\" \/><\/span><\/div>\n<\/div>\n<\/div>\n<\/div>\n\n<div class=\"et_pb_section_2 et_pb_section et_section_regular et_flex_section\" id=\"materias-primas\">\n<div class=\"et_pb_row_3 et_pb_row et_flex_row\">\n<div class=\"et_pb_column_4 et_pb_column et_flex_column et_pb_css_mix_blend_mode_passthrough et_flex_column_12_24 et_flex_column_12_24_tablet et_flex_column_24_24_phone et_flex_column_12_24_tabletWide\">\n<div class=\"et_pb_heading_2 et_pb_heading et_pb_module et_block_module\"><div class=\"et_pb_heading_container\"><h1 class=\"et_pb_module_header\">Materias Primas<\/h1><\/div><\/div>\n\n<div class=\"et_pb_text_0 et_pb_text et_pb_bg_layout_light et_pb_module et_block_module\"><div class=\"et_pb_text_inner\"><p>En Industrias Pl\u00e1sticas Bernal nos caracterizamos por utilizar materias primas de alta calidad. <br \/>Siguiendo las pol\u00edticas de calidad con las que llevamos adelante nuestro trabajo, a cada proveedor le solicitamos que junto al env\u00edo de la materia prima nos hagan llegar su certificado de calidad correspondiente.<br \/>Reci\u00e9n cuando hemos recibido el mismo, la materia prima se libera para poder utilizarla.<br \/>Verificamos de este modo, y bajo otros procesos de calidad realizados en nuestro centro de metrolog\u00eda, que la calidad de nuestros productos alcancen los niveles de est\u00e1ndares solicitados por cada cliente.<\/p>\n<\/div><\/div>\n\n<div class=\"et_pb_module et_pb_button_module_wrapper et_pb_button_0_wrapper\"><a class=\"et_pb_button_0 et_pb_button et_pb_bg_layout_light et_pb_module et_block_module\" href=\"https:\/\/ipbsa.com.ar\/site\/empresa\/#ambientales\">Pr\u00e1cticas ambientales<\/a><\/div>\n<\/div>\n\n<div class=\"et_pb_column_5 et_pb_column et-last-child et_flex_column et_pb_css_mix_blend_mode_passthrough et_pb_section_parallax et_flex_column_12_24 et_flex_column_12_24_tablet et_flex_column_24_24_phone et_flex_column_12_24_tabletWide\"><span class=\"et-pb-parallax-wrapper\"><span class=\"et-pb-parallax-background et-pb-parallax-background-module--divi-column-5 et_parallax_bg_phone_exist\" style=\"background-image:url(https:\/\/ipbsa.com.ar\/site\/wp-content\/uploads\/materia-prima.jpg)\"><\/span><\/span><span class=\"et-pb-parallax-wrapper\"><span class=\"et-pb-parallax-background et-pb-parallax-background_phone et-pb-parallax-background_phone-module--divi-column-5\" style=\"background-image:url(https:\/\/ipbsa.com.ar\/site\/wp-content\/uploads\/materia-prima.jpg)\"><\/span><\/span>\n<div class=\"et_pb_code_0 et_pb_code et_pb_module\"><\/div>\n<\/div>\n<\/div>\n<\/div>\n\n<div class=\"et_pb_section_3 et_pb_section et_section_regular et_flex_section\" id=\"precision\">\n<div class=\"et_pb_row_4 et_pb_row et_flex_row\">\n<div class=\"et_pb_column_6 et_pb_column et_flex_column et_pb_css_mix_blend_mode_passthrough et_flex_column_12_24 et_flex_column_12_24_tablet et_flex_column_24_24_phone et_flex_column_12_24_tabletWide\">\n<div class=\"et_pb_heading_3 et_pb_heading et_pb_module et_block_module\"><div class=\"et_pb_heading_container\"><h1 class=\"et_pb_module_header\">Elementos de precisi\u00f3n<\/h1><\/div><\/div>\n\n<div class=\"et_pb_text_1 et_pb_text et_pb_bg_layout_light et_pb_module et_block_module\"><div class=\"et_pb_text_inner\"><p>Contamos con todos los elementos de precisi\u00f3n para as\u00ed garantizar las m\u00e1xima calidad de los productos.<\/p>\n<\/div><\/div>\n\n<div class=\"et_pb_image_3 et_pb_image et_animated et_pb_module et_block_module\"><span class=\"et_pb_image_wrap\"><img loading=\"lazy\" decoding=\"async\" src=\"https:\/\/ipbsa.com.ar\/site\/wp-content\/uploads\/precision-1.png\" width=\"936\" height=\"630\" srcset=\"https:\/\/ipbsa.com.ar\/site\/wp-content\/uploads\/precision-1.png 936w, https:\/\/ipbsa.com.ar\/site\/wp-content\/uploads\/precision-1-480x323.png 480w\" sizes=\"(min-width: 0px) and (max-width: 480px) 480px, (min-width: 481px) 936px, 100vw\" class=\"wp-image-488\" \/><\/span><\/div>\n<\/div>\n\n<div class=\"et_pb_column_7 et_pb_column et-last-child et_flex_column et_pb_css_mix_blend_mode_passthrough et_flex_column_12_24 et_flex_column_12_24_tablet et_flex_column_24_24_phone et_flex_column_12_24_tabletWide\">\n<div class=\"et_pb_row_5 et_pb_row et_pb_row_nested et_flex_row\">\n<div class=\"et_pb_column_8 et_pb_column et-last-child et_grid_column et_pb_css_mix_blend_mode_passthrough et_flex_column_24_24 et_flex_column_24_24_tablet et_flex_column_24_24_phone et_flex_column_24_24_tabletWide\">\n<div class=\"et_pb_image_4 et_pb_image et_pb_module et_block_module\"><span class=\"et_pb_image_wrap\"><img loading=\"lazy\" decoding=\"async\" src=\"https:\/\/ipbsa.com.ar\/site\/wp-content\/uploads\/precision-01.jpg\" width=\"485\" height=\"339\" srcset=\"https:\/\/ipbsa.com.ar\/site\/wp-content\/uploads\/precision-01.jpg 485w, https:\/\/ipbsa.com.ar\/site\/wp-content\/uploads\/precision-01-480x336.jpg 480w\" sizes=\"(min-width: 0px) and (max-width: 480px) 480px, (min-width: 481px) 485px, 100vw\" class=\"wp-image-489\" \/><\/span><\/div>\n\n<div class=\"et_pb_image_5 et_pb_image et_pb_module et_block_module\"><span class=\"et_pb_image_wrap\"><img loading=\"lazy\" decoding=\"async\" src=\"https:\/\/ipbsa.com.ar\/site\/wp-content\/uploads\/precision-02.jpg\" width=\"485\" height=\"339\" srcset=\"https:\/\/ipbsa.com.ar\/site\/wp-content\/uploads\/precision-02.jpg 485w, https:\/\/ipbsa.com.ar\/site\/wp-content\/uploads\/precision-02-480x336.jpg 480w\" sizes=\"(min-width: 0px) and (max-width: 480px) 480px, (min-width: 481px) 485px, 100vw\" class=\"wp-image-490\" \/><\/span><\/div>\n\n<div class=\"et_pb_image_6 et_pb_image et_pb_module et_block_module\"><span class=\"et_pb_image_wrap\"><img loading=\"lazy\" decoding=\"async\" src=\"https:\/\/ipbsa.com.ar\/site\/wp-content\/uploads\/precision-03.jpg\" width=\"485\" height=\"339\" srcset=\"https:\/\/ipbsa.com.ar\/site\/wp-content\/uploads\/precision-03.jpg 485w, https:\/\/ipbsa.com.ar\/site\/wp-content\/uploads\/precision-03-480x336.jpg 480w\" sizes=\"(min-width: 0px) and (max-width: 480px) 480px, (min-width: 481px) 485px, 100vw\" class=\"wp-image-491\" \/><\/span><\/div>\n\n<div class=\"et_pb_image_7 et_pb_image et_pb_module et_block_module\"><span class=\"et_pb_image_wrap\"><img loading=\"lazy\" decoding=\"async\" src=\"https:\/\/ipbsa.com.ar\/site\/wp-content\/uploads\/precision-04.jpg\" width=\"485\" height=\"339\" srcset=\"https:\/\/ipbsa.com.ar\/site\/wp-content\/uploads\/precision-04.jpg 485w, https:\/\/ipbsa.com.ar\/site\/wp-content\/uploads\/precision-04-480x336.jpg 480w\" sizes=\"(min-width: 0px) and (max-width: 480px) 480px, (min-width: 481px) 485px, 100vw\" class=\"wp-image-492\" \/><\/span><\/div>\n<\/div>\n<\/div>\n<\/div>\n<\/div>\n<\/div>","protected":false},"excerpt":{"rendered":"","protected":false},"author":3,"featured_media":0,"parent":0,"menu_order":0,"comment_status":"closed","ping_status":"closed","template":"","meta":{"footnotes":""},"class_list":["post-485","page","type-page","status-publish","hentry"],"_links":{"self":[{"href":"https:\/\/ipbsa.com.ar\/site\/wp-json\/wp\/v2\/pages\/485","targetHints":{"allow":["GET"]}}],"collection":[{"href":"https:\/\/ipbsa.com.ar\/site\/wp-json\/wp\/v2\/pages"}],"about":[{"href":"https:\/\/ipbsa.com.ar\/site\/wp-json\/wp\/v2\/types\/page"}],"author":[{"embeddable":true,"href":"https:\/\/ipbsa.com.ar\/site\/wp-json\/wp\/v2\/users\/3"}],"replies":[{"embeddable":true,"href":"https:\/\/ipbsa.com.ar\/site\/wp-json\/wp\/v2\/comments?post=485"}],"version-history":[{"count":52,"href":"https:\/\/ipbsa.com.ar\/site\/wp-json\/wp\/v2\/pages\/485\/revisions"}],"predecessor-version":[{"id":735,"href":"https:\/\/ipbsa.com.ar\/site\/wp-json\/wp\/v2\/pages\/485\/revisions\/735"}],"wp:attachment":[{"href":"https:\/\/ipbsa.com.ar\/site\/wp-json\/wp\/v2\/media?parent=485"}],"curies":[{"name":"wp","href":"https:\/\/api.w.org\/{rel}","templated":true}]}}