{"id":323,"date":"2025-10-08T18:12:28","date_gmt":"2025-10-08T18:12:28","guid":{"rendered":"https:\/\/ipbsa.com.ar\/site\/?page_id=323"},"modified":"2025-12-02T14:33:46","modified_gmt":"2025-12-02T14:33:46","slug":"empresa","status":"publish","type":"page","link":"https:\/\/ipbsa.com.ar\/site\/empresa\/","title":{"rendered":"Empresa"},"content":{"rendered":"<div class=\"et_pb_section_0 et_pb_section et_section_regular et_flex_section section_has_divider et_pb_bottom_divider\">\n<div class=\"et_pb_row_0 et_pb_row et_flex_row\">\n<div class=\"et_pb_column_0 et_pb_column et-last-child et_flex_column et_pb_css_mix_blend_mode_passthrough et_flex_column_24_24\">\n<div class=\"et_pb_heading_0 et_pb_heading et_pb_module et_block_module\"><div class=\"et_pb_heading_container\"><h1 class=\"et_pb_module_header\">Empresa<\/h1><\/div><\/div>\n<\/div>\n<\/div>\n<div class=\"et_pb_bottom_inside_divider et-no-transition\"><\/div><\/div>\n\n<div class=\"et_pb_section_1 et_pb_section et_section_regular et_block_section\">\n<div class=\"et_pb_row_1 et_pb_row et_flex_row\">\n<div class=\"et_pb_column_1 et_pb_column et-last-child et_flex_column et_pb_css_mix_blend_mode_passthrough et_flex_column_24_24 et_flex_column_24_24_tablet et_flex_column_24_24_phone et_flex_column_24_24_tabletWide\">\n<div class=\"et_pb_heading_1 et_pb_heading et_pb_module et_block_module\"><div class=\"et_pb_heading_container\"><h1 class=\"et_pb_module_header\">Industrias Pl\u00e1sticas Bernal S.A.I.C.<\/h1><\/div><\/div>\n\n<div class=\"et_pb_heading_2 et_pb_heading et_pb_module et_block_module\"><div class=\"et_pb_heading_container\"><h1 class=\"et_pb_module_header\">M\u00e1s de 50 a\u00f1os en el mercado<\/h1><\/div><\/div>\n<\/div>\n<\/div>\n\n<div class=\"et_pb_row_2 et_pb_row et_pb_gutters2 et_block_row\">\n<div class=\"et_pb_column_2 et_pb_column et_pb_column_1_2 et_block_column et_pb_css_mix_blend_mode_passthrough\">\n<div class=\"et_pb_text_0 et_pb_text et_pb_bg_layout_light et_pb_module et_block_module\"><div class=\"et_pb_text_inner\"><p><strong>Industrias Pl\u00e1sticas Bernal S.A. se dedica a la fabricaci\u00f3n de piezas pl\u00e1sticas por inyecci\u00f3n desde el a\u00f1o 1967.<\/strong><\/p>\n<p>Cuenta con un plantel de maquinas inyectoras de moderna tecnolog\u00eda y una gran experiencia en la utilizaci\u00f3n de termopl\u00e1sticos de ingenier\u00eda y termopl\u00e1sticos en general.<\/p>\n<p>En el \u00e1rea de matricer\u00eda, la empresa desarrolla moldes propios, como as\u00ed tambi\u00e9n para terceros, obteniendo, gracias a la alta calificaci\u00f3n de su personal, un \u00f3ptimo producto terminado.<\/p>\n<\/div><\/div>\n<\/div>\n\n<div class=\"et_pb_column_3 et_pb_column et_pb_column_1_2 et-last-child et_flex_column et_pb_css_mix_blend_mode_passthrough\">\n<div class=\"et_pb_text_1 et_pb_text et_pb_bg_layout_light et_pb_module et_block_module\"><div class=\"et_pb_text_inner\"><div class=\"column mcb-column mcb-item-6ibs5r31b one-second column_column\">\n<div class=\"column_attr clearfix\">\n<p>Acorde a la implementaci\u00f3n de su sistema de calidad, ha obtenido la <strong>Certificaci\u00f3n 2005-2015<\/strong> (desde 2005) <strong>ISO 9001:2000<\/strong> aplicada a:<\/p>\n<p>Desarrollo y Fabricaci\u00f3n de Piezas en Termopl\u00e1sticos por Inyecci\u00f3n para la Industria Automotriz e Industria en general, lo que hace, sumado a su gran capacidad t\u00e9cnica que sus productos se ubiquen dentro de los est\u00e1ndares internacionales de calidad requeridos por sus clientes.<\/p>\n<\/div>\n<\/div>\n<\/div><\/div>\n\n<div class=\"et_pb_module et_pb_button_module_wrapper et_pb_button_0_wrapper\"><a class=\"et_pb_button_0 et_pb_button et_pb_bg_layout_light et_pb_module et_block_module\" href=\"https:\/\/ipbsa.com.ar\/site\/calidad\/\">Certificados<\/a><\/div>\n<\/div>\n<\/div>\n\n<div class=\"et_pb_row_3 et_pb_row et_flex_row\">\n<div class=\"et_pb_column_4 et_pb_column et-last-child et_flex_column et_pb_css_mix_blend_mode_passthrough et_flex_column_24_24 et_flex_column_24_24_tablet et_flex_column_24_24_phone et_flex_column_24_24_tabletWide\">\n<div class=\"et_pb_gallery_0 et_pb_gallery et_pb_bg_layout_light et_pb_gallery_grid et_pb_module\" data-auto-rotate=\"off\" data-auto-rotate-speed=\"\"><div class=\"et_pb_gallery_items et_post_gallery clearfix et_grid_module\" data-per_page=\"15\"><div class=\"et_pb_gallery_item et_pb_grid_item et_pb_gallery_item_0_0\"><div class=\"et_pb_gallery_image landscape\" data-per_page=\"15\"><a href=\"https:\/\/ipbsa.com.ar\/site\/wp-content\/uploads\/empresa-01.jpg\" title=\"empresa-01\"><img loading=\"lazy\" decoding=\"async\" width=\"400\" height=\"284\" src=\"https:\/\/ipbsa.com.ar\/site\/wp-content\/uploads\/empresa-01-400x284.jpg\" alt=\"\" class=\"wp-image-662\" srcset=\"https:\/\/ipbsa.com.ar\/site\/wp-content\/uploads\/empresa-01.jpg 479w, https:\/\/ipbsa.com.ar\/site\/wp-content\/uploads\/empresa-01-400x284.jpg 480w\" sizes=\"(max-width:479px) 479px, 100vw\" \/><span class=\"et_overlay\" data-icon=\"\" data-icon-tablet=\"\" data-icon-phone=\"\"><\/span><\/a><\/div><\/div><div class=\"et_pb_gallery_item et_pb_grid_item et_pb_gallery_item_0_1\"><div class=\"et_pb_gallery_image landscape\" data-per_page=\"15\"><a href=\"https:\/\/ipbsa.com.ar\/site\/wp-content\/uploads\/empresa-02.jpg\" title=\"empresa-02\"><img loading=\"lazy\" decoding=\"async\" width=\"400\" height=\"284\" src=\"https:\/\/ipbsa.com.ar\/site\/wp-content\/uploads\/empresa-02-400x284.jpg\" alt=\"\" class=\"wp-image-663\" srcset=\"https:\/\/ipbsa.com.ar\/site\/wp-content\/uploads\/empresa-02.jpg 479w, https:\/\/ipbsa.com.ar\/site\/wp-content\/uploads\/empresa-02-400x284.jpg 480w\" sizes=\"(max-width:479px) 479px, 100vw\" \/><span class=\"et_overlay\" data-icon=\"\" data-icon-tablet=\"\" data-icon-phone=\"\"><\/span><\/a><\/div><\/div><div class=\"et_pb_gallery_item et_pb_grid_item et_pb_gallery_item_0_2\"><div class=\"et_pb_gallery_image landscape\" data-per_page=\"15\"><a href=\"https:\/\/ipbsa.com.ar\/site\/wp-content\/uploads\/empresa-03.jpg\" title=\"empresa-03\"><img loading=\"lazy\" decoding=\"async\" width=\"400\" height=\"284\" src=\"https:\/\/ipbsa.com.ar\/site\/wp-content\/uploads\/empresa-03-400x284.jpg\" alt=\"\" class=\"wp-image-664\" srcset=\"https:\/\/ipbsa.com.ar\/site\/wp-content\/uploads\/empresa-03.jpg 479w, https:\/\/ipbsa.com.ar\/site\/wp-content\/uploads\/empresa-03-400x284.jpg 480w\" sizes=\"(max-width:479px) 479px, 100vw\" \/><span class=\"et_overlay\" data-icon=\"\" data-icon-tablet=\"\" data-icon-phone=\"\"><\/span><\/a><\/div><\/div><div class=\"et_pb_gallery_item et_pb_grid_item et_pb_gallery_item_0_3\"><div class=\"et_pb_gallery_image landscape\" data-per_page=\"15\"><a href=\"https:\/\/ipbsa.com.ar\/site\/wp-content\/uploads\/empresa-04.jpg\" title=\"empresa-04\"><img loading=\"lazy\" decoding=\"async\" width=\"400\" height=\"284\" src=\"https:\/\/ipbsa.com.ar\/site\/wp-content\/uploads\/empresa-04-400x284.jpg\" alt=\"\" class=\"wp-image-665\" srcset=\"https:\/\/ipbsa.com.ar\/site\/wp-content\/uploads\/empresa-04.jpg 479w, https:\/\/ipbsa.com.ar\/site\/wp-content\/uploads\/empresa-04-400x284.jpg 480w\" sizes=\"(max-width:479px) 479px, 100vw\" \/><span class=\"et_overlay\" data-icon=\"\" data-icon-tablet=\"\" data-icon-phone=\"\"><\/span><\/a><\/div><\/div><div class=\"et_pb_gallery_item et_pb_grid_item et_pb_gallery_item_0_4\"><div class=\"et_pb_gallery_image landscape\" data-per_page=\"15\"><a href=\"https:\/\/ipbsa.com.ar\/site\/wp-content\/uploads\/empresa-05.jpg\" title=\"empresa-05\"><img loading=\"lazy\" decoding=\"async\" width=\"400\" height=\"284\" src=\"https:\/\/ipbsa.com.ar\/site\/wp-content\/uploads\/empresa-05-400x284.jpg\" alt=\"\" class=\"wp-image-666\" srcset=\"https:\/\/ipbsa.com.ar\/site\/wp-content\/uploads\/empresa-05.jpg 479w, https:\/\/ipbsa.com.ar\/site\/wp-content\/uploads\/empresa-05-400x284.jpg 480w\" sizes=\"(max-width:479px) 479px, 100vw\" \/><span class=\"et_overlay\" data-icon=\"\" data-icon-tablet=\"\" data-icon-phone=\"\"><\/span><\/a><\/div><\/div><div class=\"et_pb_gallery_item et_pb_grid_item et_pb_gallery_item_0_5\"><div class=\"et_pb_gallery_image landscape\" data-per_page=\"15\"><a href=\"https:\/\/ipbsa.com.ar\/site\/wp-content\/uploads\/empresa-06.jpg\" title=\"empresa-06\"><img loading=\"lazy\" decoding=\"async\" width=\"400\" height=\"284\" src=\"https:\/\/ipbsa.com.ar\/site\/wp-content\/uploads\/empresa-06-400x284.jpg\" alt=\"\" class=\"wp-image-667\" srcset=\"https:\/\/ipbsa.com.ar\/site\/wp-content\/uploads\/empresa-06.jpg 479w, https:\/\/ipbsa.com.ar\/site\/wp-content\/uploads\/empresa-06-400x284.jpg 480w\" sizes=\"(max-width:479px) 479px, 100vw\" \/><span class=\"et_overlay\" data-icon=\"\" data-icon-tablet=\"\" data-icon-phone=\"\"><\/span><\/a><\/div><\/div><div class=\"et_pb_gallery_item et_pb_grid_item et_pb_gallery_item_0_6\"><div class=\"et_pb_gallery_image landscape\" data-per_page=\"15\"><a href=\"https:\/\/ipbsa.com.ar\/site\/wp-content\/uploads\/empresa-07.jpg\" title=\"empresa-07\"><img loading=\"lazy\" decoding=\"async\" width=\"400\" height=\"284\" src=\"https:\/\/ipbsa.com.ar\/site\/wp-content\/uploads\/empresa-07-400x284.jpg\" alt=\"\" class=\"wp-image-668\" srcset=\"https:\/\/ipbsa.com.ar\/site\/wp-content\/uploads\/empresa-07.jpg 479w, https:\/\/ipbsa.com.ar\/site\/wp-content\/uploads\/empresa-07-400x284.jpg 480w\" sizes=\"(max-width:479px) 479px, 100vw\" \/><span class=\"et_overlay\" data-icon=\"\" data-icon-tablet=\"\" data-icon-phone=\"\"><\/span><\/a><\/div><\/div><div class=\"et_pb_gallery_item et_pb_grid_item et_pb_gallery_item_0_7\"><div class=\"et_pb_gallery_image landscape\" data-per_page=\"15\"><a href=\"https:\/\/ipbsa.com.ar\/site\/wp-content\/uploads\/empresa-08.jpg\" title=\"empresa-08\"><img loading=\"lazy\" decoding=\"async\" width=\"400\" height=\"284\" src=\"https:\/\/ipbsa.com.ar\/site\/wp-content\/uploads\/empresa-08-400x284.jpg\" alt=\"\" class=\"wp-image-669\" srcset=\"https:\/\/ipbsa.com.ar\/site\/wp-content\/uploads\/empresa-08.jpg 479w, https:\/\/ipbsa.com.ar\/site\/wp-content\/uploads\/empresa-08-400x284.jpg 480w\" sizes=\"(max-width:479px) 479px, 100vw\" \/><span class=\"et_overlay\" data-icon=\"\" data-icon-tablet=\"\" data-icon-phone=\"\"><\/span><\/a><\/div><\/div><\/div><\/div>\n<\/div>\n<\/div>\n<\/div>\n\n<div class=\"et_pb_section_2 et_pb_section et_section_regular et_flex_section\" id=\"ambientales\">\n<div class=\"et_pb_row_4 et_pb_row et_flex_row\">\n<div class=\"et_pb_column_5 et_pb_column et-last-child et_flex_column et_pb_css_mix_blend_mode_passthrough et_flex_column_16_24 et_flex_column_16_24_tablet et_flex_column_24_24_phone et_flex_column_16_24_tabletWide\">\n<div class=\"et_pb_heading_3 et_pb_heading et_pb_module et_block_module\"><div class=\"et_pb_heading_container\"><h1 class=\"et_pb_module_header\">Buenas Pr\u00e1cticas Ambientales\r\n<\/h1><\/div><\/div>\n\n<div class=\"et_pb_blurb_0 et_pb_blurb et_pb_bg_layout_light et_pb_text_align_left et_pb_blurb_position_left et_pb_module et_block_module\"><div class=\"et_pb_blurb_content\"><div class=\"et_pb_main_blurb_image\"><span class=\"et_pb_image_wrap\"><span class=\"et-pb-icon et-waypoint et_pb_animation_top et_pb_animation_top_tablet et_pb_animation_top_phone\">\uf1b8<\/span><\/span><\/div><div class=\"et_pb_blurb_container\"><h4 class=\"et_pb_module_header\">Se recomienda utilizar el producto pl\u00e1stico tantas veces como sea posible.<\/h4><\/div><\/div><\/div>\n\n<div class=\"et_pb_blurb_1 et_pb_blurb et_pb_bg_layout_light et_pb_text_align_left et_pb_blurb_position_left et_pb_module et_block_module\"><div class=\"et_pb_blurb_content\"><div class=\"et_pb_main_blurb_image\"><span class=\"et_pb_image_wrap\"><span class=\"et-pb-icon et-waypoint et_pb_animation_top et_pb_animation_top_tablet et_pb_animation_top_phone\">\uf1b8<\/span><\/span><\/div><div class=\"et_pb_blurb_container\"><h4 class=\"et_pb_module_header\">Una vez terminada la vida \u00fatil del producto pl\u00e1stico deposite el mismo en los lugares especialmente dise\u00f1ados a tal fin para su posterior reciclado.<\/h4><\/div><\/div><\/div>\n\n<div class=\"et_pb_module et_pb_button_module_wrapper et_pb_button_1_wrapper\"><a class=\"et_pb_button_1 et_pb_button et_pb_bg_layout_light et_pb_module et_block_module\" href=\"https:\/\/ipbsa.com.ar\/site\/wp-content\/uploads\/politica-de-calidad.pdf\" target=\"_blank\" data-icon=\"\ue092\">PDF Pol\u00edtica de calidad<\/a><\/div>\n<\/div>\n<\/div>\n<\/div>","protected":false},"excerpt":{"rendered":"","protected":false},"author":3,"featured_media":0,"parent":0,"menu_order":0,"comment_status":"closed","ping_status":"closed","template":"","meta":{"footnotes":""},"class_list":["post-323","page","type-page","status-publish","hentry"],"_links":{"self":[{"href":"https:\/\/ipbsa.com.ar\/site\/wp-json\/wp\/v2\/pages\/323","targetHints":{"allow":["GET"]}}],"collection":[{"href":"https:\/\/ipbsa.com.ar\/site\/wp-json\/wp\/v2\/pages"}],"about":[{"href":"https:\/\/ipbsa.com.ar\/site\/wp-json\/wp\/v2\/types\/page"}],"author":[{"embeddable":true,"href":"https:\/\/ipbsa.com.ar\/site\/wp-json\/wp\/v2\/users\/3"}],"replies":[{"embeddable":true,"href":"https:\/\/ipbsa.com.ar\/site\/wp-json\/wp\/v2\/comments?post=323"}],"version-history":[{"count":47,"href":"https:\/\/ipbsa.com.ar\/site\/wp-json\/wp\/v2\/pages\/323\/revisions"}],"predecessor-version":[{"id":748,"href":"https:\/\/ipbsa.com.ar\/site\/wp-json\/wp\/v2\/pages\/323\/revisions\/748"}],"wp:attachment":[{"href":"https:\/\/ipbsa.com.ar\/site\/wp-json\/wp\/v2\/media?parent=323"}],"curies":[{"name":"wp","href":"https:\/\/api.w.org\/{rel}","templated":true}]}}