{"id":264,"date":"2025-10-07T16:19:42","date_gmt":"2025-10-07T16:19:42","guid":{"rendered":"https:\/\/ipbsa.com.ar\/site\/?page_id=264"},"modified":"2026-01-07T23:17:25","modified_gmt":"2026-01-07T23:17:25","slug":"contacto","status":"publish","type":"page","link":"https:\/\/ipbsa.com.ar\/site\/contacto\/","title":{"rendered":"Contacto"},"content":{"rendered":"<div class=\"et_pb_section_0 et_pb_section et_section_regular et_flex_section section_has_divider et_pb_bottom_divider\">\n<div class=\"et_pb_row_0 et_pb_row et_flex_row\">\n<div class=\"et_pb_column_0 et_pb_column et-last-child et_flex_column et_pb_css_mix_blend_mode_passthrough et_flex_column_24_24\">\n<div class=\"et_pb_heading_0 et_pb_heading et_pb_module et_block_module\"><div class=\"et_pb_heading_container\"><h1 class=\"et_pb_module_header\">Contacto<\/h1><\/div><\/div>\n<\/div>\n<\/div>\n<div class=\"et_pb_bottom_inside_divider et-no-transition\"><\/div><\/div>\n\n<div class=\"et_pb_section_1 et_pb_section et_section_regular et_flex_section\">\n<div class=\"et_pb_row_1 et_pb_row et_pb_gutters3 et_block_row\">\n<div class=\"et_pb_column_1 et_pb_column et_pb_column_4_4 et-last-child et_flex_column et_pb_css_mix_blend_mode_passthrough\">\n<div class=\"et_pb_heading_1 et_pb_heading et_pb_module et_block_module\"><div class=\"et_pb_heading_container\"><h1 class=\"et_pb_module_header\">Complete el siguiente formulario<\/h1><\/div><\/div>\n\n<div class=\"et_pb_text_0 et_pb_text et_pb_bg_layout_light et_pb_module et_block_module\"><div class=\"et_pb_text_inner\"><p>La informaci\u00f3n ingresada ser\u00e1 recepcionada por el \u00e1rea de Consultas de la Empresa, y ser\u00e1 derivada a las \u00e1reas correspondientes para que en un plazo no mayor a 4 d\u00edas se d\u00e9 una respuesta.<\/p>\n<\/div><\/div>\n\n<div class=\"et_pb_contact_form_0 et_pb_contact_form_container clearfix et_pb_recaptcha_enabled et_pb_module et_flex_module\" data-form_unique_num=\"0\" data-form_unique_id=\"b7eb2ac8-f73d-45ca-bb92-e1b3bb517e4f\" id=\"et_pb_contact_form_0\"><div class=\"et-pb-contact-message\"><\/div><div class=\"et_pb_contact\"><form class=\"et_pb_contact_form et_flex_module\" method=\"post\" action=\"https:\/\/ipbsa.com.ar\/site\/wp-json\/wp\/v2\/pages\/264\">\n<div class=\"et_pb_contact_field_0 et_pb_contact_field et_pb_module et_flex_module et_flex_column_12_24 et_flex_column_24_24_phone\" data-id=\"nombre\" data-type=\"input\"><label class=\"et_pb_contact_form_label\">Nombre y apellido*<\/label><input type=\"text\" name=\"et_pb_contact_0_nombre_0\" id=\"et_pb_contact_0_nombre_0\" class=\"input\" data-required_mark=\"required\" data-field_type=\"input\" data-original_id=\"nombre\" placeholder=\"Nombre y apellido*\" title=\"\" value=\"\" \/><\/div>\n\n<div class=\"et_pb_contact_field_1 et_pb_contact_field et_pb_module et_flex_module et_flex_column_12_24 et_flex_column_24_24_phone\" data-id=\"empresa\" data-type=\"input\"><label class=\"et_pb_contact_form_label\">Empresa*<\/label><input type=\"text\" name=\"et_pb_contact_0_empresa_1\" id=\"et_pb_contact_0_empresa_1\" class=\"input\" data-required_mark=\"required\" data-field_type=\"input\" data-original_id=\"empresa\" placeholder=\"Empresa*\" title=\"\" value=\"\" \/><\/div>\n\n<div class=\"et_pb_contact_field_2 et_pb_contact_field et_pb_module et_flex_module et_flex_column_12_24 et_flex_column_24_24_phone\" data-id=\"rubro\" data-type=\"input\"><label class=\"et_pb_contact_form_label\">Rubro<\/label><input type=\"text\" name=\"et_pb_contact_0_rubro_2\" id=\"et_pb_contact_0_rubro_2\" class=\"input\" data-required_mark=\"not_required\" data-field_type=\"input\" data-original_id=\"rubro\" placeholder=\"Rubro\" title=\"\" value=\"\" \/><\/div>\n\n<div class=\"et_pb_contact_field_3 et_pb_contact_field et_pb_module et_flex_module et_flex_column_12_24 et_flex_column_24_24_phone\" data-id=\"cuit\" data-type=\"input\"><label class=\"et_pb_contact_form_label\">CUIT<\/label><input type=\"text\" name=\"et_pb_contact_0_cuit_3\" id=\"et_pb_contact_0_cuit_3\" class=\"input\" data-required_mark=\"not_required\" data-field_type=\"input\" data-original_id=\"cuit\" placeholder=\"CUIT\" title=\"\" value=\"\" \/><\/div>\n\n<div class=\"et_pb_contact_field_4 et_pb_contact_field et_pb_module et_flex_module et_flex_column_12_24 et_flex_column_24_24_phone\" data-id=\"email\" data-type=\"email\"><label class=\"et_pb_contact_form_label\">E-mail*<\/label><input type=\"text\" name=\"et_pb_contact_0_email_4\" id=\"et_pb_contact_0_email_4\" class=\"input\" data-required_mark=\"required\" data-field_type=\"email\" data-original_id=\"email\" placeholder=\"E-mail*\" title=\"\" value=\"\" \/><\/div>\n\n<div class=\"et_pb_contact_field_5 et_pb_contact_field et_pb_module et_flex_module et_flex_column_12_24 et_flex_column_24_24_phone\" data-id=\"telefono\" data-type=\"input\"><label class=\"et_pb_contact_form_label\">Tel\u00e9fono*<\/label><input type=\"text\" name=\"et_pb_contact_0_telefono_5\" id=\"et_pb_contact_0_telefono_5\" class=\"input\" data-required_mark=\"required\" data-field_type=\"input\" data-original_id=\"telefono\" placeholder=\"Tel\u00e9fono*\" title=\"\" value=\"\" \/><\/div>\n\n<div class=\"et_pb_contact_field_6 et_pb_contact_field et_pb_module et_flex_module et_flex_column_24_24\" data-id=\"motivo\" data-type=\"input\"><label class=\"et_pb_contact_form_label\">Motivo de la consulta<\/label><input type=\"text\" name=\"et_pb_contact_0_motivo_6\" id=\"et_pb_contact_0_motivo_6\" class=\"input\" data-required_mark=\"not_required\" data-field_type=\"input\" data-original_id=\"motivo\" placeholder=\"Motivo de la consulta\" title=\"\" value=\"\" \/><\/div>\n\n<div class=\"et_pb_contact_field_7 et_pb_contact_field et_pb_module et_flex_module et_flex_column_24_24\" data-id=\"consulta\" data-type=\"text\"><label class=\"et_pb_contact_form_label\">Consulta*<\/label><textarea name=\"et_pb_contact_0_consulta_7\" id=\"et_pb_contact_0_consulta_7\" class=\"et_pb_contact_message input\" data-required_mark=\"required\" data-field_type=\"text\" data-original_id=\"consulta\" placeholder=\"Consulta*\"><\/textarea><\/div>\n<input type=\"hidden\" name=\"et_pb_contactform_submit_0\" value=\"et_contact_proccess\" \/><div class=\"et_contact_bottom_container\"><div class=\"et_pb_button_wrapper\"><button type=\"submit\" name=\"et_builder_submit_button\" class=\"et_pb_button et_pb_contact_submit\">Enviar consulta<\/button><\/div><\/div><input type=\"hidden\" id=\"_wpnonce-et-pb-contact-form-submitted-0\" name=\"_wpnonce-et-pb-contact-form-submitted-0\" value=\"1050c44025\" \/><input type=\"hidden\" name=\"_wp_http_referer\" value=\"\/site\/wp-json\/wp\/v2\/pages\/264\" \/><\/form><\/div><\/div>\n<\/div>\n<\/div>\n<\/div>\n\n<div class=\"et_pb_section_2 et_pb_section et_section_regular et_flex_section\">\n<div class=\"et_pb_row_2 et_pb_row et_flex_row\">\n<div class=\"et_pb_column_2 et_pb_column et-last-child et_flex_column et_pb_css_mix_blend_mode_passthrough et_flex_column_24_24\">\n<div class=\"et_pb_code_0 et_pb_code et_pb_module\"><div class=\"et_pb_code_inner\"><iframe src=\"https:\/\/www.google.com\/maps\/embed?pb=!1m18!1m12!1m3!1d3279.3526950518967!2d-58.294755300000006!3d-34.7215032!2m3!1f0!2f0!3f0!3m2!1i1024!2i768!4f13.1!3m3!1m2!1s0x95a32df1d4afa3c7%3A0x33d122129ae1e53f!2sZapiola%20975%2C%20B1876%20Bernal%20Oeste%2C%20Provincia%20de%20Buenos%20Aires!5e0!3m2!1ses-419!2sar!4v1759854272879!5m2!1ses-419!2sar\" width=\"100%\" height=\"400\" style=\"border:0;\" allowfullscreen=\"\" loading=\"lazy\" referrerpolicy=\"no-referrer-when-downgrade\"><\/iframe><\/div><\/div>\n<\/div>\n<\/div>\n<\/div>","protected":false},"excerpt":{"rendered":"","protected":false},"author":3,"featured_media":0,"parent":0,"menu_order":0,"comment_status":"closed","ping_status":"closed","template":"","meta":{"footnotes":""},"class_list":["post-264","page","type-page","status-publish","hentry"],"_links":{"self":[{"href":"https:\/\/ipbsa.com.ar\/site\/wp-json\/wp\/v2\/pages\/264","targetHints":{"allow":["GET"]}}],"collection":[{"href":"https:\/\/ipbsa.com.ar\/site\/wp-json\/wp\/v2\/pages"}],"about":[{"href":"https:\/\/ipbsa.com.ar\/site\/wp-json\/wp\/v2\/types\/page"}],"author":[{"embeddable":true,"href":"https:\/\/ipbsa.com.ar\/site\/wp-json\/wp\/v2\/users\/3"}],"replies":[{"embeddable":true,"href":"https:\/\/ipbsa.com.ar\/site\/wp-json\/wp\/v2\/comments?post=264"}],"version-history":[{"count":33,"href":"https:\/\/ipbsa.com.ar\/site\/wp-json\/wp\/v2\/pages\/264\/revisions"}],"predecessor-version":[{"id":753,"href":"https:\/\/ipbsa.com.ar\/site\/wp-json\/wp\/v2\/pages\/264\/revisions\/753"}],"wp:attachment":[{"href":"https:\/\/ipbsa.com.ar\/site\/wp-json\/wp\/v2\/media?parent=264"}],"curies":[{"name":"wp","href":"https:\/\/api.w.org\/{rel}","templated":true}]}}